{"id":7,"date":"2020-06-21T08:11:14","date_gmt":"2020-06-21T08:11:14","guid":{"rendered":"http:\/\/kunstwerkstatt.kmay.de\/?page_id=7"},"modified":"2020-07-06T18:55:16","modified_gmt":"2020-07-06T18:55:16","slug":"buecher","status":"publish","type":"page","link":"http:\/\/kunstwerkstatt.kmay.de\/?page_id=7","title":{"rendered":"B\u00fccher und Karten"},"content":{"rendered":"\n<h2 class=\"wp-block-heading\">\nIndividuelle B\u00fccher f\u00fcr besondere Anl\u00e4sse<\/h2>\n\n\n\n<p>Suchen Sie nach\neinem ganz pers\u00f6nlichen Geschenk? \n<\/p>\n\n\n\n<p>Ein individuell\ngestaltetes und gebundenes Buch zur Konfirmation, Hochzeit, zum\nJubil\u00e4um oder anl\u00e4\u00dflich eines runden Geburtstags?<\/p>\n\n\n\n<figure class=\"wp-block-gallery columns-2 is-cropped wp-block-gallery-1 is-layout-flex wp-block-gallery-is-layout-flex\"><ul class=\"blocks-gallery-grid\"><li class=\"blocks-gallery-item\"><figure><img loading=\"lazy\" decoding=\"async\" width=\"1024\" height=\"1017\" src=\"http:\/\/kunstwerkstatt.kmay.de\/wp-content\/uploads\/2020\/06\/Kofibuch-Lasse-1024x1017.jpg\" alt=\"\" data-id=\"132\" data-link=\"http:\/\/kunstwerkstatt.kmay.de\/?attachment_id=132\" class=\"wp-image-132\" srcset=\"http:\/\/kunstwerkstatt.kmay.de\/wp-content\/uploads\/2020\/06\/Kofibuch-Lasse-1024x1017.jpg 1024w, http:\/\/kunstwerkstatt.kmay.de\/wp-content\/uploads\/2020\/06\/Kofibuch-Lasse-300x298.jpg 300w, http:\/\/kunstwerkstatt.kmay.de\/wp-content\/uploads\/2020\/06\/Kofibuch-Lasse-150x150.jpg 150w, http:\/\/kunstwerkstatt.kmay.de\/wp-content\/uploads\/2020\/06\/Kofibuch-Lasse-768x763.jpg 768w, http:\/\/kunstwerkstatt.kmay.de\/wp-content\/uploads\/2020\/06\/Kofibuch-Lasse-1536x1526.jpg 1536w, http:\/\/kunstwerkstatt.kmay.de\/wp-content\/uploads\/2020\/06\/Kofibuch-Lasse-2048x2034.jpg 2048w, http:\/\/kunstwerkstatt.kmay.de\/wp-content\/uploads\/2020\/06\/Kofibuch-Lasse-100x100.jpg 100w\" sizes=\"auto, (max-width: 767px) 89vw, (max-width: 1000px) 54vw, (max-width: 1071px) 543px, 580px\" \/><\/figure><\/li><li class=\"blocks-gallery-item\"><figure><img loading=\"lazy\" decoding=\"async\" width=\"1024\" height=\"1024\" src=\"http:\/\/kunstwerkstatt.kmay.de\/wp-content\/uploads\/2020\/06\/Konfibuch-Joost-1-1024x1024.jpg\" alt=\"\" data-id=\"152\" data-full-url=\"http:\/\/kunstwerkstatt.kmay.de\/wp-content\/uploads\/2020\/06\/Konfibuch-Joost-1.jpg\" data-link=\"http:\/\/kunstwerkstatt.kmay.de\/?attachment_id=152\" class=\"wp-image-152\" srcset=\"http:\/\/kunstwerkstatt.kmay.de\/wp-content\/uploads\/2020\/06\/Konfibuch-Joost-1-1024x1024.jpg 1024w, http:\/\/kunstwerkstatt.kmay.de\/wp-content\/uploads\/2020\/06\/Konfibuch-Joost-1-300x300.jpg 300w, http:\/\/kunstwerkstatt.kmay.de\/wp-content\/uploads\/2020\/06\/Konfibuch-Joost-1-150x150.jpg 150w, http:\/\/kunstwerkstatt.kmay.de\/wp-content\/uploads\/2020\/06\/Konfibuch-Joost-1-768x769.jpg 768w, http:\/\/kunstwerkstatt.kmay.de\/wp-content\/uploads\/2020\/06\/Konfibuch-Joost-1-1534x1536.jpg 1534w, http:\/\/kunstwerkstatt.kmay.de\/wp-content\/uploads\/2020\/06\/Konfibuch-Joost-1-100x100.jpg 100w\" sizes=\"auto, (max-width: 767px) 89vw, (max-width: 1000px) 54vw, (max-width: 1071px) 543px, 580px\" \/><\/figure><\/li><\/ul><\/figure>\n\n\n\n<p class=\"has-normal-font-size\"><\/p>\n\n\n\n<div class=\"wp-block-media-text alignwide is-stacked-on-mobile\" style=\"grid-template-columns:49% auto\"><figure class=\"wp-block-media-text__media\"><img loading=\"lazy\" decoding=\"async\" width=\"1021\" height=\"1024\" src=\"http:\/\/kunstwerkstatt.kmay.de\/wp-content\/uploads\/2020\/06\/Konfibuch-Bent-1-1021x1024.jpg\" alt=\"\" class=\"wp-image-151\" srcset=\"http:\/\/kunstwerkstatt.kmay.de\/wp-content\/uploads\/2020\/06\/Konfibuch-Bent-1-1021x1024.jpg 1021w, http:\/\/kunstwerkstatt.kmay.de\/wp-content\/uploads\/2020\/06\/Konfibuch-Bent-1-300x300.jpg 300w, http:\/\/kunstwerkstatt.kmay.de\/wp-content\/uploads\/2020\/06\/Konfibuch-Bent-1-150x150.jpg 150w, http:\/\/kunstwerkstatt.kmay.de\/wp-content\/uploads\/2020\/06\/Konfibuch-Bent-1-768x770.jpg 768w, http:\/\/kunstwerkstatt.kmay.de\/wp-content\/uploads\/2020\/06\/Konfibuch-Bent-1-1532x1536.jpg 1532w, http:\/\/kunstwerkstatt.kmay.de\/wp-content\/uploads\/2020\/06\/Konfibuch-Bent-1-2042x2048.jpg 2042w, http:\/\/kunstwerkstatt.kmay.de\/wp-content\/uploads\/2020\/06\/Konfibuch-Bent-1-100x100.jpg 100w\" sizes=\"auto, (max-width: 767px) 89vw, (max-width: 1000px) 54vw, (max-width: 1071px) 543px, 580px\" \/><\/figure><div class=\"wp-block-media-text__content\">\n<p>In enger Absprache mit Ihnen \/Euch gestalte ich ein \u201epersonalisiertes\u201c, handgefertigtes Buch. Die Text- und Bildgestaltung im Buch sowie Motiv und Farbe des Einbandes richten sich nach Ihren\/Euren W\u00fcnschen. So k\u00f6nnen von Ihnen\/Euch ausgew\u00e4hlte und zusammengestellte Texte und Bilder aufgenommen werden. Das Ergebnis ist ein \u201epersonalisiertes\u201c, handgefertigtes Buch, welches ein ma\u00dfgeschneidertes Erinnerungsst\u00fcck an diesen wichtigen Tag ist und sowohl dem Beschenkten als auch dem Schenkenden sicher viel Freude bereitet.<\/p>\n<\/div><\/div>\n\n\n\n<h2 class=\"wp-block-heading\">Karten<\/h2>\n\n\n\n<p>Ich fertige auf\nWunsch und in Absprache auch gern individuelle neue Motive f\u00fcr\nIhre\/Eure pers\u00f6nliche Einladungs- oder Danksagungskarte.<\/p>\n\n\n\n<figure class=\"wp-block-gallery columns-4 is-cropped wp-block-gallery-2 is-layout-flex wp-block-gallery-is-layout-flex\"><ul class=\"blocks-gallery-grid\"><li class=\"blocks-gallery-item\"><figure><img loading=\"lazy\" decoding=\"async\" width=\"724\" height=\"1024\" src=\"http:\/\/kunstwerkstatt.kmay.de\/wp-content\/uploads\/2020\/06\/taube-1-724x1024.jpg\" alt=\"\" data-id=\"141\" data-link=\"http:\/\/kunstwerkstatt.kmay.de\/?attachment_id=141\" class=\"wp-image-141\" srcset=\"http:\/\/kunstwerkstatt.kmay.de\/wp-content\/uploads\/2020\/06\/taube-1-724x1024.jpg 724w, http:\/\/kunstwerkstatt.kmay.de\/wp-content\/uploads\/2020\/06\/taube-1-212x300.jpg 212w, http:\/\/kunstwerkstatt.kmay.de\/wp-content\/uploads\/2020\/06\/taube-1-768x1086.jpg 768w, http:\/\/kunstwerkstatt.kmay.de\/wp-content\/uploads\/2020\/06\/taube-1-1086x1536.jpg 1086w, http:\/\/kunstwerkstatt.kmay.de\/wp-content\/uploads\/2020\/06\/taube-1.jpg 1347w\" sizes=\"auto, (max-width: 724px) 100vw, 724px\" \/><\/figure><\/li><li class=\"blocks-gallery-item\"><figure><img loading=\"lazy\" decoding=\"async\" width=\"717\" height=\"1024\" src=\"http:\/\/kunstwerkstatt.kmay.de\/wp-content\/uploads\/2020\/06\/krippe-1-717x1024.jpg\" alt=\"\" data-id=\"142\" data-link=\"http:\/\/kunstwerkstatt.kmay.de\/?attachment_id=142\" class=\"wp-image-142\" srcset=\"http:\/\/kunstwerkstatt.kmay.de\/wp-content\/uploads\/2020\/06\/krippe-1-717x1024.jpg 717w, http:\/\/kunstwerkstatt.kmay.de\/wp-content\/uploads\/2020\/06\/krippe-1-210x300.jpg 210w, http:\/\/kunstwerkstatt.kmay.de\/wp-content\/uploads\/2020\/06\/krippe-1-768x1097.jpg 768w, http:\/\/kunstwerkstatt.kmay.de\/wp-content\/uploads\/2020\/06\/krippe-1-1075x1536.jpg 1075w, http:\/\/kunstwerkstatt.kmay.de\/wp-content\/uploads\/2020\/06\/krippe-1-1433x2048.jpg 1433w, http:\/\/kunstwerkstatt.kmay.de\/wp-content\/uploads\/2020\/06\/krippe-1-scaled.jpg 1791w\" sizes=\"auto, (max-width: 717px) 100vw, 717px\" \/><\/figure><\/li><li class=\"blocks-gallery-item\"><figure><img loading=\"lazy\" decoding=\"async\" width=\"744\" height=\"1024\" src=\"http:\/\/kunstwerkstatt.kmay.de\/wp-content\/uploads\/2020\/06\/engel-1-744x1024.jpg\" alt=\"\" data-id=\"143\" data-link=\"http:\/\/kunstwerkstatt.kmay.de\/?attachment_id=143\" class=\"wp-image-143\" srcset=\"http:\/\/kunstwerkstatt.kmay.de\/wp-content\/uploads\/2020\/06\/engel-1-744x1024.jpg 744w, http:\/\/kunstwerkstatt.kmay.de\/wp-content\/uploads\/2020\/06\/engel-1-218x300.jpg 218w, http:\/\/kunstwerkstatt.kmay.de\/wp-content\/uploads\/2020\/06\/engel-1-768x1057.jpg 768w, http:\/\/kunstwerkstatt.kmay.de\/wp-content\/uploads\/2020\/06\/engel-1-1117x1536.jpg 1117w, http:\/\/kunstwerkstatt.kmay.de\/wp-content\/uploads\/2020\/06\/engel-1-1489x2048.jpg 1489w, http:\/\/kunstwerkstatt.kmay.de\/wp-content\/uploads\/2020\/06\/engel-1-scaled.jpg 1861w\" sizes=\"auto, (max-width: 706px) 89vw, (max-width: 767px) 82vw, 740px\" \/><\/figure><\/li><li class=\"blocks-gallery-item\"><figure><img loading=\"lazy\" decoding=\"async\" width=\"731\" height=\"1024\" src=\"http:\/\/kunstwerkstatt.kmay.de\/wp-content\/uploads\/2020\/06\/weg-1-731x1024.jpg\" alt=\"\" data-id=\"144\" data-link=\"http:\/\/kunstwerkstatt.kmay.de\/?attachment_id=144\" class=\"wp-image-144\" srcset=\"http:\/\/kunstwerkstatt.kmay.de\/wp-content\/uploads\/2020\/06\/weg-1-731x1024.jpg 731w, http:\/\/kunstwerkstatt.kmay.de\/wp-content\/uploads\/2020\/06\/weg-1-214x300.jpg 214w, http:\/\/kunstwerkstatt.kmay.de\/wp-content\/uploads\/2020\/06\/weg-1-768x1076.jpg 768w, http:\/\/kunstwerkstatt.kmay.de\/wp-content\/uploads\/2020\/06\/weg-1-1096x1536.jpg 1096w, http:\/\/kunstwerkstatt.kmay.de\/wp-content\/uploads\/2020\/06\/weg-1.jpg 1434w\" sizes=\"auto, (max-width: 731px) 100vw, 731px\" \/><\/figure><\/li><li class=\"blocks-gallery-item\"><figure><img loading=\"lazy\" decoding=\"async\" width=\"743\" height=\"1024\" src=\"http:\/\/kunstwerkstatt.kmay.de\/wp-content\/uploads\/2020\/06\/fisch-1-743x1024.jpg\" alt=\"\" data-id=\"145\" data-link=\"http:\/\/kunstwerkstatt.kmay.de\/?attachment_id=145\" class=\"wp-image-145\" srcset=\"http:\/\/kunstwerkstatt.kmay.de\/wp-content\/uploads\/2020\/06\/fisch-1-743x1024.jpg 743w, http:\/\/kunstwerkstatt.kmay.de\/wp-content\/uploads\/2020\/06\/fisch-1-218x300.jpg 218w, http:\/\/kunstwerkstatt.kmay.de\/wp-content\/uploads\/2020\/06\/fisch-1-768x1059.jpg 768w, http:\/\/kunstwerkstatt.kmay.de\/wp-content\/uploads\/2020\/06\/fisch-1-1114x1536.jpg 1114w, http:\/\/kunstwerkstatt.kmay.de\/wp-content\/uploads\/2020\/06\/fisch-1.jpg 1449w\" sizes=\"auto, (max-width: 706px) 89vw, (max-width: 767px) 82vw, 740px\" \/><\/figure><\/li><li class=\"blocks-gallery-item\"><figure><img loading=\"lazy\" decoding=\"async\" width=\"707\" height=\"1024\" src=\"http:\/\/kunstwerkstatt.kmay.de\/wp-content\/uploads\/2020\/06\/Weihnachten1-1-707x1024.jpg\" alt=\"\" data-id=\"146\" data-link=\"http:\/\/kunstwerkstatt.kmay.de\/?attachment_id=146\" class=\"wp-image-146\" srcset=\"http:\/\/kunstwerkstatt.kmay.de\/wp-content\/uploads\/2020\/06\/Weihnachten1-1-707x1024.jpg 707w, http:\/\/kunstwerkstatt.kmay.de\/wp-content\/uploads\/2020\/06\/Weihnachten1-1-207x300.jpg 207w, http:\/\/kunstwerkstatt.kmay.de\/wp-content\/uploads\/2020\/06\/Weihnachten1-1-768x1112.jpg 768w, http:\/\/kunstwerkstatt.kmay.de\/wp-content\/uploads\/2020\/06\/Weihnachten1-1-1061x1536.jpg 1061w, http:\/\/kunstwerkstatt.kmay.de\/wp-content\/uploads\/2020\/06\/Weihnachten1-1-1414x2048.jpg 1414w, http:\/\/kunstwerkstatt.kmay.de\/wp-content\/uploads\/2020\/06\/Weihnachten1-1-scaled.jpg 1768w\" sizes=\"auto, (max-width: 707px) 100vw, 707px\" \/><\/figure><\/li><li class=\"blocks-gallery-item\"><figure><img loading=\"lazy\" decoding=\"async\" width=\"705\" height=\"1024\" src=\"http:\/\/kunstwerkstatt.kmay.de\/wp-content\/uploads\/2020\/06\/weg2-705x1024.jpg\" alt=\"\" data-id=\"147\" data-full-url=\"http:\/\/kunstwerkstatt.kmay.de\/wp-content\/uploads\/2020\/06\/weg2.jpg\" data-link=\"http:\/\/kunstwerkstatt.kmay.de\/?attachment_id=147\" class=\"wp-image-147\" srcset=\"http:\/\/kunstwerkstatt.kmay.de\/wp-content\/uploads\/2020\/06\/weg2-705x1024.jpg 705w, http:\/\/kunstwerkstatt.kmay.de\/wp-content\/uploads\/2020\/06\/weg2-206x300.jpg 206w, http:\/\/kunstwerkstatt.kmay.de\/wp-content\/uploads\/2020\/06\/weg2-768x1116.jpg 768w, http:\/\/kunstwerkstatt.kmay.de\/wp-content\/uploads\/2020\/06\/weg2-1057x1536.jpg 1057w, http:\/\/kunstwerkstatt.kmay.de\/wp-content\/uploads\/2020\/06\/weg2.jpg 1344w\" sizes=\"auto, (max-width: 705px) 100vw, 705px\" \/><\/figure><\/li><\/ul><\/figure>\n\n\n\n<p>An meiner Hochdruckpresse fertige ich Karten mit vielf\u00e4ltigen Motiven. Die Motive sind in allen Farben erh\u00e4ltlich und k\u00f6nnen individuell in gew\u00fcnschter Farbe und Anzahl auf Bestellung gedruckt werden.<\/p>\n\n\n\n<div class=\"wp-block-group\"><div class=\"wp-block-group__inner-container is-layout-flow wp-block-group-is-layout-flow\">\n<figure class=\"wp-block-gallery columns-0 is-cropped wp-block-gallery-3 is-layout-flex wp-block-gallery-is-layout-flex\"><ul class=\"blocks-gallery-grid\"><li class=\"blocks-gallery-item\"><figure><img loading=\"lazy\" decoding=\"async\" width=\"1024\" height=\"725\" src=\"http:\/\/kunstwerkstatt.kmay.de\/wp-content\/uploads\/2020\/07\/Gedichtband1-1-1024x725.jpg\" alt=\"\" data-id=\"245\" data-full-url=\"http:\/\/kunstwerkstatt.kmay.de\/wp-content\/uploads\/2020\/07\/Gedichtband1-1-scaled.jpg\" data-link=\"http:\/\/kunstwerkstatt.kmay.de\/?attachment_id=245\" class=\"wp-image-245\" srcset=\"http:\/\/kunstwerkstatt.kmay.de\/wp-content\/uploads\/2020\/07\/Gedichtband1-1-1024x725.jpg 1024w, http:\/\/kunstwerkstatt.kmay.de\/wp-content\/uploads\/2020\/07\/Gedichtband1-1-300x212.jpg 300w, http:\/\/kunstwerkstatt.kmay.de\/wp-content\/uploads\/2020\/07\/Gedichtband1-1-768x544.jpg 768w, http:\/\/kunstwerkstatt.kmay.de\/wp-content\/uploads\/2020\/07\/Gedichtband1-1-1536x1087.jpg 1536w, http:\/\/kunstwerkstatt.kmay.de\/wp-content\/uploads\/2020\/07\/Gedichtband1-1-2048x1450.jpg 2048w\" sizes=\"auto, (max-width: 767px) 89vw, (max-width: 1000px) 54vw, (max-width: 1071px) 543px, 580px\" \/><\/figure><\/li><\/ul><\/figure>\n<\/div><\/div>\n\n\n\n<p>Die Kombination von Text und Druckgrafik eingebunden in einen Umschlag aus handgesch\u00f6pftem Papier &#8211; ein Unikat<\/p>\n\n\n\n<figure class=\"wp-block-gallery columns-1 is-cropped wp-block-gallery-4 is-layout-flex wp-block-gallery-is-layout-flex\"><ul class=\"blocks-gallery-grid\"><li class=\"blocks-gallery-item\"><figure><img loading=\"lazy\" decoding=\"async\" width=\"1024\" height=\"576\" src=\"http:\/\/kunstwerkstatt.kmay.de\/wp-content\/uploads\/2020\/07\/Gedichtband4-1-1024x576.jpg\" alt=\"\" data-id=\"247\" data-full-url=\"http:\/\/kunstwerkstatt.kmay.de\/wp-content\/uploads\/2020\/07\/Gedichtband4-1-scaled.jpg\" data-link=\"http:\/\/kunstwerkstatt.kmay.de\/?attachment_id=247\" class=\"wp-image-247\" srcset=\"http:\/\/kunstwerkstatt.kmay.de\/wp-content\/uploads\/2020\/07\/Gedichtband4-1-1024x576.jpg 1024w, http:\/\/kunstwerkstatt.kmay.de\/wp-content\/uploads\/2020\/07\/Gedichtband4-1-300x169.jpg 300w, http:\/\/kunstwerkstatt.kmay.de\/wp-content\/uploads\/2020\/07\/Gedichtband4-1-768x432.jpg 768w, http:\/\/kunstwerkstatt.kmay.de\/wp-content\/uploads\/2020\/07\/Gedichtband4-1-1536x864.jpg 1536w, http:\/\/kunstwerkstatt.kmay.de\/wp-content\/uploads\/2020\/07\/Gedichtband4-1-2048x1152.jpg 2048w\" sizes=\"auto, (max-width: 767px) 89vw, (max-width: 1000px) 54vw, (max-width: 1071px) 543px, 580px\" \/><\/figure><\/li><li class=\"blocks-gallery-item\"><figure><img loading=\"lazy\" decoding=\"async\" width=\"1024\" height=\"576\" src=\"http:\/\/kunstwerkstatt.kmay.de\/wp-content\/uploads\/2020\/07\/Gedichtband7-1-1024x576.jpg\" alt=\"\" data-id=\"250\" data-full-url=\"http:\/\/kunstwerkstatt.kmay.de\/wp-content\/uploads\/2020\/07\/Gedichtband7-1-scaled.jpg\" data-link=\"http:\/\/kunstwerkstatt.kmay.de\/?attachment_id=250\" class=\"wp-image-250\" srcset=\"http:\/\/kunstwerkstatt.kmay.de\/wp-content\/uploads\/2020\/07\/Gedichtband7-1-1024x576.jpg 1024w, http:\/\/kunstwerkstatt.kmay.de\/wp-content\/uploads\/2020\/07\/Gedichtband7-1-300x169.jpg 300w, http:\/\/kunstwerkstatt.kmay.de\/wp-content\/uploads\/2020\/07\/Gedichtband7-1-768x432.jpg 768w, http:\/\/kunstwerkstatt.kmay.de\/wp-content\/uploads\/2020\/07\/Gedichtband7-1-1536x864.jpg 1536w, http:\/\/kunstwerkstatt.kmay.de\/wp-content\/uploads\/2020\/07\/Gedichtband7-1-2048x1152.jpg 2048w\" sizes=\"auto, (max-width: 767px) 89vw, (max-width: 1000px) 54vw, (max-width: 1071px) 543px, 580px\" \/><\/figure><\/li><li class=\"blocks-gallery-item\"><figure><img loading=\"lazy\" decoding=\"async\" width=\"1024\" height=\"576\" src=\"http:\/\/kunstwerkstatt.kmay.de\/wp-content\/uploads\/2020\/07\/Gedichtband8-1-1024x576.jpg\" alt=\"\" data-id=\"251\" data-full-url=\"http:\/\/kunstwerkstatt.kmay.de\/wp-content\/uploads\/2020\/07\/Gedichtband8-1-scaled.jpg\" data-link=\"http:\/\/kunstwerkstatt.kmay.de\/?attachment_id=251\" class=\"wp-image-251\" srcset=\"http:\/\/kunstwerkstatt.kmay.de\/wp-content\/uploads\/2020\/07\/Gedichtband8-1-1024x576.jpg 1024w, http:\/\/kunstwerkstatt.kmay.de\/wp-content\/uploads\/2020\/07\/Gedichtband8-1-300x169.jpg 300w, http:\/\/kunstwerkstatt.kmay.de\/wp-content\/uploads\/2020\/07\/Gedichtband8-1-768x432.jpg 768w, http:\/\/kunstwerkstatt.kmay.de\/wp-content\/uploads\/2020\/07\/Gedichtband8-1-1536x864.jpg 1536w, http:\/\/kunstwerkstatt.kmay.de\/wp-content\/uploads\/2020\/07\/Gedichtband8-1-2048x1152.jpg 2048w\" sizes=\"auto, (max-width: 767px) 89vw, (max-width: 1000px) 54vw, (max-width: 1071px) 543px, 580px\" \/><\/figure><\/li><\/ul><\/figure>\n","protected":false},"excerpt":{"rendered":"<p>Individuelle B\u00fccher f\u00fcr besondere Anl\u00e4sse Suchen Sie nach einem ganz pers\u00f6nlichen Geschenk? Ein individuell gestaltetes und gebundenes Buch zur Konfirmation, Hochzeit, zum Jubil\u00e4um oder anl\u00e4\u00dflich eines runden Geburtstags? In enger Absprache mit Ihnen \/Euch gestalte ich ein \u201epersonalisiertes\u201c, handgefertigtes Buch. Die Text- und Bildgestaltung im Buch sowie Motiv und Farbe des Einbandes richten sich nach &hellip; <\/p>\n<p class=\"link-more\"><a href=\"http:\/\/kunstwerkstatt.kmay.de\/?page_id=7\" class=\"more-link\"><span class=\"screen-reader-text\">\u201eB\u00fccher und Karten\u201c <\/span>weiterlesen<\/a><\/p>\n","protected":false},"author":1,"featured_media":0,"parent":0,"menu_order":0,"comment_status":"closed","ping_status":"closed","template":"","meta":{"footnotes":""},"class_list":["post-7","page","type-page","status-publish","hentry"],"_links":{"self":[{"href":"http:\/\/kunstwerkstatt.kmay.de\/index.php?rest_route=\/wp\/v2\/pages\/7","targetHints":{"allow":["GET"]}}],"collection":[{"href":"http:\/\/kunstwerkstatt.kmay.de\/index.php?rest_route=\/wp\/v2\/pages"}],"about":[{"href":"http:\/\/kunstwerkstatt.kmay.de\/index.php?rest_route=\/wp\/v2\/types\/page"}],"author":[{"embeddable":true,"href":"http:\/\/kunstwerkstatt.kmay.de\/index.php?rest_route=\/wp\/v2\/users\/1"}],"replies":[{"embeddable":true,"href":"http:\/\/kunstwerkstatt.kmay.de\/index.php?rest_route=%2Fwp%2Fv2%2Fcomments&post=7"}],"version-history":[{"count":15,"href":"http:\/\/kunstwerkstatt.kmay.de\/index.php?rest_route=\/wp\/v2\/pages\/7\/revisions"}],"predecessor-version":[{"id":254,"href":"http:\/\/kunstwerkstatt.kmay.de\/index.php?rest_route=\/wp\/v2\/pages\/7\/revisions\/254"}],"wp:attachment":[{"href":"http:\/\/kunstwerkstatt.kmay.de\/index.php?rest_route=%2Fwp%2Fv2%2Fmedia&parent=7"}],"curies":[{"name":"wp","href":"https:\/\/api.w.org\/{rel}","templated":true}]}}