{"id":5,"date":"2020-06-21T08:11:14","date_gmt":"2020-06-21T08:11:14","guid":{"rendered":"http:\/\/kunstwerkstatt.kmay.de\/?page_id=5"},"modified":"2023-10-22T16:13:11","modified_gmt":"2023-10-22T16:13:11","slug":"angebot","status":"publish","type":"page","link":"http:\/\/kunstwerkstatt.kmay.de\/?page_id=5","title":{"rendered":"Angebot"},"content":{"rendered":"\n<blockquote class=\"wp-block-quote is-style-large is-layout-flow wp-block-quote-is-layout-flow\">\n<p>Als ich ein Kind war, malte ich wie ein gro\u00dfer Meister, aber um malen zu k\u00f6nnen wie die Kinder, musste ich ein Leben lang lernen<\/p>\n<cite>(Pablo Picasso)<\/cite><\/blockquote>\n\n\n\n<p>       <\/p>\n\n\n\n<p>Meine\nAngebote richten sich sowohl an Kinder im Alter von 3-15 Jahren als\nauch an Erwachsene.<\/p>\n\n\n\n<p>Die\nKurse finden jeweils an ein bis zwei Nachmittagen in meiner Werkstatt\nim Beimoorweg 18, 22927 Gro\u00dfhansdorf statt.\nBei Bedarf k\u00f6nnen auch l\u00e4ngere Laufzeiten vereinbart werden. Es\ngibt kein festen Kurszeiten und das Kursthema\nund die\nTermine\nwerden\nindividuell nach Ihren\/Euren W\u00fcnschen abgesprochen. \n<\/p>\n\n\n\n<p>Die Kurse werden f\u00fcr eine komplette Gruppe gebucht und eignen sich f\u00fcr Geburtstagsfeiern oder Gruppen bis zu 10 Personen.<\/p>\n\n\n\n<figure class=\"wp-block-table aligncenter is-style-stripes\"><table class=\"has-background\" style=\"background-color:#f3f4f5\"><tbody><tr><td><strong>Kursdauer<\/strong><\/td><td><strong>Gruppe (bis zu 5 Pers.)<\/strong><\/td><td><strong>jede weitere Pers.<\/strong><\/td><\/tr><tr><td>1,0 Stunden<\/td><td>gesamt 70\u20ac<\/td><td>5 \u20ac<\/td><\/tr><tr><td>1,5 Stunden<\/td><td>gesamt 105\u20ac<\/td><td>7,5 \u20ac<\/td><\/tr><tr><td>2,0 Stunden<\/td><td>gesamt 140 \u20ac<\/td><td>10 \u20ac<\/td><\/tr><tr><td>2,5 Stunden<\/td><td>gesamt 175 \u20ac<\/td><td>12,50 \u20ac<\/td><\/tr><\/tbody><\/table><\/figure>\n\n\n\n<p> Absagen bitte sp\u00e4testens einen Tag vor Kursbeginn, ansonsten<br> wird die Geb\u00fchr f\u00e4llig.<\/p>\n\n\n\n<div data-wp-interactive=\"core\/file\" class=\"wp-block-file\"><object data-wp-bind--hidden=\"!state.hasPdfPreview\" hidden class=\"wp-block-file__embed\" data=\"http:\/\/kunstwerkstatt.kmay.de\/wp-content\/uploads\/2023\/10\/prog23-6.pdf\" type=\"application\/pdf\" style=\"width:100%;height:240px\" aria-label=\"Einbettung von Programm 23.\"><\/object><a id=\"wp-block-file--media-368a48e8-c16c-4258-92c6-be9366d1c8eb\" href=\"http:\/\/kunstwerkstatt.kmay.de\/wp-content\/uploads\/2023\/10\/prog23-6.pdf\">Programm 23<\/a><a href=\"http:\/\/kunstwerkstatt.kmay.de\/wp-content\/uploads\/2023\/10\/prog23-6.pdf\" class=\"wp-block-file__button wp-element-button\" download aria-describedby=\"wp-block-file--media-368a48e8-c16c-4258-92c6-be9366d1c8eb\">Herunterladen<\/a><\/div>\n\n\n\n<div class=\"wp-block-file\"><a id=\"wp-block-file--media-6e25a3db-57bd-454e-a74a-0e2871fa430d\" href=\"http:\/\/kunstwerkstatt.kmay.de\/wp-content\/uploads\/2021\/01\/Kunstideen-Kita.pdf\">Kunstidee f\u00fcr zuhause 1<\/a><a href=\"http:\/\/kunstwerkstatt.kmay.de\/wp-content\/uploads\/2021\/01\/Kunstideen-Kita.pdf\" class=\"wp-block-file__button wp-element-button\" download aria-describedby=\"wp-block-file--media-6e25a3db-57bd-454e-a74a-0e2871fa430d\">Herunterladen<\/a><\/div>\n\n\n\n<div class=\"wp-block-file\"><a id=\"wp-block-file--media-13474163-71da-407c-8ceb-b45824be3546\" href=\"http:\/\/kunstwerkstatt.kmay.de\/wp-content\/uploads\/2021\/01\/2.Kunstideen-Kita.pdf\">Kunstidee f\u00fcr zuhause 2<\/a><a href=\"http:\/\/kunstwerkstatt.kmay.de\/wp-content\/uploads\/2021\/01\/2.Kunstideen-Kita.pdf\" class=\"wp-block-file__button wp-element-button\" download aria-describedby=\"wp-block-file--media-13474163-71da-407c-8ceb-b45824be3546\">Herunterladen<\/a><\/div>\n\n\n\n<div class=\"wp-block-file\"><a id=\"wp-block-file--media-4246a0ae-2885-4df9-8820-f3194d796a4d\" href=\"http:\/\/kunstwerkstatt.kmay.de\/wp-content\/uploads\/2021\/02\/3.Kunstidee-Kita-1.pdf\">Kunstidee f\u00fcr zuhause 3<\/a><a href=\"http:\/\/kunstwerkstatt.kmay.de\/wp-content\/uploads\/2021\/02\/3.Kunstidee-Kita-1.pdf\" class=\"wp-block-file__button wp-element-button\" download aria-describedby=\"wp-block-file--media-4246a0ae-2885-4df9-8820-f3194d796a4d\">Herunterladen<\/a><\/div>\n\n\n\n<div class=\"wp-block-file\"><a id=\"wp-block-file--media-305a0784-944e-4324-80d3-9981b3baf451\" href=\"http:\/\/kunstwerkstatt.kmay.de\/wp-content\/uploads\/2021\/02\/4.-Kunstidee-komprimiert.pdf\">Kunstidee f\u00fcr zuhause 4<\/a><a href=\"http:\/\/kunstwerkstatt.kmay.de\/wp-content\/uploads\/2021\/02\/4.-Kunstidee-komprimiert.pdf\" class=\"wp-block-file__button wp-element-button\" download aria-describedby=\"wp-block-file--media-305a0784-944e-4324-80d3-9981b3baf451\">Herunterladen<\/a><\/div>\n\n\n\n<div class=\"wp-block-file\"><a id=\"wp-block-file--media-9b793901-e9d0-4729-9daa-aad3d808d929\" href=\"http:\/\/kunstwerkstatt.kmay.de\/wp-content\/uploads\/2021\/02\/5.-Kunstidee-komprimiert.pdf\">Kunstidee f\u00fcr zuhause 5<\/a><a href=\"http:\/\/kunstwerkstatt.kmay.de\/wp-content\/uploads\/2021\/02\/5.-Kunstidee-komprimiert.pdf\" class=\"wp-block-file__button wp-element-button\" download aria-describedby=\"wp-block-file--media-9b793901-e9d0-4729-9daa-aad3d808d929\">Herunterladen<\/a><\/div>\n\n\n\n<div class=\"wp-block-file\"><a id=\"wp-block-file--media-b61aae6c-aa1b-487e-a3f0-700082e0cf92\" href=\"http:\/\/kunstwerkstatt.kmay.de\/wp-content\/uploads\/2021\/02\/6.-Kunstidee.pdf\">Kunstidee f\u00fcr zuhause 6<\/a><a href=\"http:\/\/kunstwerkstatt.kmay.de\/wp-content\/uploads\/2021\/02\/6.-Kunstidee.pdf\" class=\"wp-block-file__button wp-element-button\" download aria-describedby=\"wp-block-file--media-b61aae6c-aa1b-487e-a3f0-700082e0cf92\">Herunterladen<\/a><\/div>\n\n\n\n<div class=\"wp-block-file\"><a id=\"wp-block-file--media-bd44fcf7-d584-4284-8941-04df30cbfcd9\" href=\"http:\/\/kunstwerkstatt.kmay.de\/wp-content\/uploads\/2021\/04\/7.-Kunstidee.pdf\">Kunstidee f\u00fcr zuhause 7<\/a><a href=\"http:\/\/kunstwerkstatt.kmay.de\/wp-content\/uploads\/2021\/04\/7.-Kunstidee.pdf\" class=\"wp-block-file__button wp-element-button\" download aria-describedby=\"wp-block-file--media-bd44fcf7-d584-4284-8941-04df30cbfcd9\">Herunterladen<\/a><\/div>\n\n\n\n<div class=\"wp-block-file\"><a id=\"wp-block-file--media-76bdc39f-50e2-4172-b7fe-c73ca913c502\" href=\"http:\/\/kunstwerkstatt.kmay.de\/wp-content\/uploads\/2021\/05\/8.-Kunstidee-1.pdf\">Kunstidee f\u00fcr zuhause 8<\/a><a href=\"http:\/\/kunstwerkstatt.kmay.de\/wp-content\/uploads\/2021\/05\/8.-Kunstidee-1.pdf\" class=\"wp-block-file__button wp-element-button\" download aria-describedby=\"wp-block-file--media-76bdc39f-50e2-4172-b7fe-c73ca913c502\">Herunterladen<\/a><\/div>\n\n\n\n<p><\/p>\n","protected":false},"excerpt":{"rendered":"<p>Als ich ein Kind war, malte ich wie ein gro\u00dfer Meister, aber um malen zu k\u00f6nnen wie die Kinder, musste ich ein Leben lang lernen (Pablo Picasso) Meine Angebote richten sich sowohl an Kinder im Alter von 3-15 Jahren als auch an Erwachsene. Die Kurse finden jeweils an ein bis zwei Nachmittagen in meiner Werkstatt &hellip; <\/p>\n<p class=\"link-more\"><a href=\"http:\/\/kunstwerkstatt.kmay.de\/?page_id=5\" class=\"more-link\"><span class=\"screen-reader-text\">\u201eAngebot\u201c <\/span>weiterlesen<\/a><\/p>\n","protected":false},"author":1,"featured_media":0,"parent":0,"menu_order":0,"comment_status":"closed","ping_status":"closed","template":"","meta":{"footnotes":""},"class_list":["post-5","page","type-page","status-publish","hentry"],"_links":{"self":[{"href":"http:\/\/kunstwerkstatt.kmay.de\/index.php?rest_route=\/wp\/v2\/pages\/5","targetHints":{"allow":["GET"]}}],"collection":[{"href":"http:\/\/kunstwerkstatt.kmay.de\/index.php?rest_route=\/wp\/v2\/pages"}],"about":[{"href":"http:\/\/kunstwerkstatt.kmay.de\/index.php?rest_route=\/wp\/v2\/types\/page"}],"author":[{"embeddable":true,"href":"http:\/\/kunstwerkstatt.kmay.de\/index.php?rest_route=\/wp\/v2\/users\/1"}],"replies":[{"embeddable":true,"href":"http:\/\/kunstwerkstatt.kmay.de\/index.php?rest_route=%2Fwp%2Fv2%2Fcomments&post=5"}],"version-history":[{"count":27,"href":"http:\/\/kunstwerkstatt.kmay.de\/index.php?rest_route=\/wp\/v2\/pages\/5\/revisions"}],"predecessor-version":[{"id":908,"href":"http:\/\/kunstwerkstatt.kmay.de\/index.php?rest_route=\/wp\/v2\/pages\/5\/revisions\/908"}],"wp:attachment":[{"href":"http:\/\/kunstwerkstatt.kmay.de\/index.php?rest_route=%2Fwp%2Fv2%2Fmedia&parent=5"}],"curies":[{"name":"wp","href":"https:\/\/api.w.org\/{rel}","templated":true}]}}